{"id":49674,"date":"2025-06-23T14:11:58","date_gmt":"2025-06-23T14:11:58","guid":{"rendered":"https:\/\/playroom.azud.com\/contact\/"},"modified":"2026-04-21T08:57:48","modified_gmt":"2026-04-21T08:57:48","slug":"contact","status":"publish","type":"page","link":"https:\/\/playroom.azud.com\/fr\/contact\/","title":{"rendered":"Contact"},"content":{"rendered":"\t\t<div data-elementor-type=\"wp-page\" data-elementor-id=\"49674\" class=\"elementor elementor-49674 elementor-18277\" data-elementor-post-type=\"page\">\n\t\t\t\t<div class=\"elementor-element elementor-element-9453cd7 section e-con-full e-flex e-con e-parent\" data-id=\"9453cd7\" data-element_type=\"container\" data-e-type=\"container\" data-settings=\"{&quot;jet_parallax_layout_list&quot;:[],&quot;background_background&quot;:&quot;classic&quot;}\">\n\t\t<div class=\"elementor-element elementor-element-f59cdf0 e-con-full e-flex e-con e-child\" data-id=\"f59cdf0\" data-element_type=\"container\" data-e-type=\"container\" data-settings=\"{&quot;jet_parallax_layout_list&quot;:[]}\">\n\t\t<div class=\"elementor-element elementor-element-948aa5e e-con-full e-flex e-con e-child\" data-id=\"948aa5e\" data-element_type=\"container\" data-e-type=\"container\" data-settings=\"{&quot;jet_parallax_layout_list&quot;:[]}\">\n\t\t\t\t<div class=\"elementor-element elementor-element-9690dbe elementor-widget elementor-widget-jet-breadcrumbs\" data-id=\"9690dbe\" data-element_type=\"widget\" data-e-type=\"widget\" data-widget_type=\"jet-breadcrumbs.default\">\n\t\t\t\t<div class=\"elementor-widget-container\">\n\t\t\t\t\t<div class=\"elementor-jet-breadcrumbs jet-blocks\">\n\t\t<div class=\"jet-breadcrumbs\">\n\t\t<div class=\"jet-breadcrumbs__content\">\n\t\t<div class=\"jet-breadcrumbs__wrap\"><div class=\"jet-breadcrumbs__item\"><a href=\"https:\/\/playroom.azud.com\/fr\/\" class=\"jet-breadcrumbs__item-link is-home\" rel=\"home\" title=\"AZUD\">AZUD<\/a><\/div>\n\t\t<\/div>\n\t\t<\/div>\n\t\t<\/div><\/div>\t\t\t\t<\/div>\n\t\t\t\t<\/div>\n\t\t\t\t<\/div>\n\t\t<div class=\"elementor-element elementor-element-ffc579f e-con-full e-flex e-con e-child\" data-id=\"ffc579f\" data-element_type=\"container\" data-e-type=\"container\" data-settings=\"{&quot;jet_parallax_layout_list&quot;:[]}\">\n\t\t<div class=\"elementor-element elementor-element-3f07cea e-con-full col1 e-flex e-con e-child\" data-id=\"3f07cea\" data-element_type=\"container\" data-e-type=\"container\" data-settings=\"{&quot;jet_parallax_layout_list&quot;:[]}\">\n\t\t\t\t<div class=\"elementor-element elementor-element-fd0dbe7 anim-title elementor-widget elementor-widget-heading\" data-id=\"fd0dbe7\" data-element_type=\"widget\" data-e-type=\"widget\" data-widget_type=\"heading.default\">\n\t\t\t\t<div class=\"elementor-widget-container\">\n\t\t\t\t\t<h3 class=\"elementor-heading-title elementor-size-default\">Contact<\/h3>\t\t\t\t<\/div>\n\t\t\t\t<\/div>\n\t\t\t\t<\/div>\n\t\t<div class=\"elementor-element elementor-element-cab5ac1 e-con-full col2 e-flex e-con e-child\" data-id=\"cab5ac1\" data-element_type=\"container\" data-e-type=\"container\" data-settings=\"{&quot;jet_parallax_layout_list&quot;:[]}\">\n\t\t<div class=\"elementor-element elementor-element-e29b89a e-con-full e-flex e-con e-child\" data-id=\"e29b89a\" data-element_type=\"container\" data-e-type=\"container\" data-settings=\"{&quot;jet_parallax_layout_list&quot;:[]}\">\n\t\t\t\t<div class=\"elementor-element elementor-element-0103d85 elementor-widget elementor-widget-text-editor\" data-id=\"0103d85\" data-element_type=\"widget\" data-e-type=\"widget\" data-widget_type=\"text-editor.default\">\n\t\t\t\t<div class=\"elementor-widget-container\">\n\t\t\t\t\t\t\t\t\t<p>Vous souhaitez en savoir plus sur nos solutions ? Contactez-nous et nous vous aiderons \u00e0 trouver la solution la mieux adapt\u00e9e \u00e0 vos besoins.<\/p><p>Chez AZUD, nous croyons en une gestion de l&#x27;eau efficace, durable et rentable.<\/p>\t\t\t\t\t\t\t\t<\/div>\n\t\t\t\t<\/div>\n\t\t\t\t<\/div>\n\t\t\t\t<\/div>\n\t\t\t\t<\/div>\n\t\t\t\t<\/div>\n\t\t\t\t<\/div>\n\t\t<div class=\"elementor-element elementor-element-8a9a370 e-con-full e-flex e-con e-parent\" data-id=\"8a9a370\" data-element_type=\"container\" data-e-type=\"container\" data-settings=\"{&quot;jet_parallax_layout_list&quot;:[]}\">\n\t\t\t\t<div class=\"elementor-element elementor-element-9eb4c1c e-n-tabs-none elementor-widget elementor-widget-n-tabs\" data-id=\"9eb4c1c\" data-element_type=\"widget\" data-e-type=\"widget\" data-settings=\"{&quot;tabs_justify_horizontal_tablet&quot;:&quot;stretch&quot;,&quot;tabs_justify_horizontal_mobile&quot;:&quot;stretch&quot;,&quot;horizontal_scroll&quot;:&quot;disable&quot;}\" data-widget_type=\"nested-tabs.default\">\n\t\t\t\t<div class=\"elementor-widget-container\">\n\t\t\t\t\t\t\t<div class=\"e-n-tabs\" data-widget-number=\"166415388\" aria-label=\"Onglets. Ouvrez des \u00e9l\u00e9ments avec Entrer ou Espace, fermez-les avec Echape et naviguez \u00e0 l&#039;aide des touches fl\u00e9ch\u00e9es.\">\n\t\t\t<div class=\"e-n-tabs-heading\" role=\"tablist\">\n\t\t\t\t\t<button id=\"e-n-tab-title-1664153881\" data-tab-title-id=\"e-n-tab-title-1664153881\" class=\"e-n-tab-title\" aria-selected=\"true\" data-tab-index=\"1\" role=\"tab\" tabindex=\"0\" aria-controls=\"e-n-tab-content-1664153881\" style=\"--n-tabs-title-order: 1;\">\n\t\t\t\t\t\t<span class=\"e-n-tab-title-text\">\n\t\t\t\tContact\t\t\t<\/span>\n\t\t<\/button>\n\t\t\t\t<button id=\"e-n-tab-title-1664153882\" data-tab-title-id=\"e-n-tab-title-1664153882\" class=\"e-n-tab-title\" aria-selected=\"false\" data-tab-index=\"2\" role=\"tab\" tabindex=\"-1\" aria-controls=\"e-n-tab-content-1664153882\" style=\"--n-tabs-title-order: 2;\">\n\t\t\t\t\t\t<span class=\"e-n-tab-title-text\">\n\t\t\t\tDevenir distributeur\t\t\t<\/span>\n\t\t<\/button>\n\t\t\t\t<button id=\"e-n-tab-title-1664153883\" data-tab-title-id=\"e-n-tab-title-1664153883\" class=\"e-n-tab-title\" aria-selected=\"false\" data-tab-index=\"3\" role=\"tab\" tabindex=\"-1\" aria-controls=\"e-n-tab-content-1664153883\" style=\"--n-tabs-title-order: 3;\">\n\t\t\t\t\t\t<span class=\"e-n-tab-title-text\">\n\t\t\t\tAssistance technique\t\t\t<\/span>\n\t\t<\/button>\n\t\t\t\t\t<\/div>\n\t\t\t<div class=\"e-n-tabs-content\">\n\t\t\t\t<div id=\"e-n-tab-content-1664153881\" role=\"tabpanel\" aria-labelledby=\"e-n-tab-title-1664153881\" data-tab-index=\"1\" style=\"--n-tabs-title-order: 1;\" class=\"e-active elementor-element elementor-element-e3565a3 e-con-full e-flex e-con e-child\" data-id=\"e3565a3\" data-element_type=\"container\" data-e-type=\"container\" data-settings=\"{&quot;jet_parallax_layout_list&quot;:[]}\">\n\t\t\t\t<div class=\"elementor-element elementor-element-7784fe6 elementor-widget__width-inherit elementor-widget elementor-widget-html\" data-id=\"7784fe6\" data-element_type=\"widget\" data-e-type=\"widget\" data-widget_type=\"html.default\">\n\t\t\t\t<div class=\"elementor-widget-container\">\n\t\t\t\t\t<div class=\"contenedor-formulario-azud\" data-form-id=\"wxwyiexefc0zhweuvtllq\"><\/div>\t\t\t\t<\/div>\n\t\t\t\t<\/div>\n\t\t\t\t<\/div>\n\t\t<div id=\"e-n-tab-content-1664153882\" role=\"tabpanel\" aria-labelledby=\"e-n-tab-title-1664153882\" data-tab-index=\"2\" style=\"--n-tabs-title-order: 2;\" class=\" elementor-element elementor-element-c996436 e-con-full e-flex e-con e-child\" data-id=\"c996436\" data-element_type=\"container\" data-e-type=\"container\" data-settings=\"{&quot;jet_parallax_layout_list&quot;:[]}\">\n\t\t\t\t<div class=\"elementor-element elementor-element-a6a3c61 elementor-widget elementor-widget-html\" data-id=\"a6a3c61\" data-element_type=\"widget\" data-e-type=\"widget\" data-widget_type=\"html.default\">\n\t\t\t\t<div class=\"elementor-widget-container\">\n\t\t\t\t\t<div class=\"contenedor-formulario-azud\" data-form-id=\"lpldjydbefc0zaanorqinw\"><\/div>\t\t\t\t<\/div>\n\t\t\t\t<\/div>\n\t\t\t\t<\/div>\n\t\t<div id=\"e-n-tab-content-1664153883\" role=\"tabpanel\" aria-labelledby=\"e-n-tab-title-1664153883\" data-tab-index=\"3\" style=\"--n-tabs-title-order: 3;\" class=\" elementor-element elementor-element-b4c4173 e-con-full e-flex e-con e-child\" data-id=\"b4c4173\" data-element_type=\"container\" data-e-type=\"container\" data-settings=\"{&quot;jet_parallax_layout_list&quot;:[]}\">\n\t\t\t\t<div class=\"elementor-element elementor-element-6230500 elementor-widget__width-inherit elementor-widget elementor-widget-html\" data-id=\"6230500\" data-element_type=\"widget\" data-e-type=\"widget\" data-widget_type=\"html.default\">\n\t\t\t\t<div class=\"elementor-widget-container\">\n\t\t\t\t\t\r\n<div class=\"contenedor-formulario-azud\" data-form-id=\"vvxcyyddefc0zaaisjw8fw\"><\/div>\t\t\t\t<\/div>\n\t\t\t\t<\/div>\n\t\t\t\t<\/div>\n\t\t\t\t\t<\/div>\n\t\t<\/div>\n\t\t\t\t\t\t<\/div>\n\t\t\t\t<\/div>\n\t\t\t\t<\/div>\n\t\t<div class=\"elementor-element elementor-element-035b98c e-flex e-con-boxed e-con e-parent\" data-id=\"035b98c\" data-element_type=\"container\" data-e-type=\"container\" data-settings=\"{&quot;background_background&quot;:&quot;classic&quot;,&quot;jet_parallax_layout_list&quot;:[]}\">\n\t\t\t\t\t<div class=\"e-con-inner\">\n\t\t<div class=\"elementor-element elementor-element-18a5f3a e-con-full e-flex e-con e-child\" data-id=\"18a5f3a\" data-element_type=\"container\" data-e-type=\"container\" data-settings=\"{&quot;jet_parallax_layout_list&quot;:[]}\">\n\t\t<div class=\"elementor-element elementor-element-e6ad3c6 e-con-full e-flex e-con e-child\" data-id=\"e6ad3c6\" data-element_type=\"container\" data-e-type=\"container\" data-settings=\"{&quot;jet_parallax_layout_list&quot;:[]}\">\n\t\t\t\t<div class=\"elementor-element elementor-element-15b6452 elementor-widget elementor-widget-heading\" data-id=\"15b6452\" data-element_type=\"widget\" data-e-type=\"widget\" data-widget_type=\"heading.default\">\n\t\t\t\t<div class=\"elementor-widget-container\">\n\t\t\t\t\t<span class=\"elementor-heading-title elementor-size-default\">O\u00f9 nous sommes<\/span>\t\t\t\t<\/div>\n\t\t\t\t<\/div>\n\t\t\t\t<div class=\"elementor-element elementor-element-f2eb828 elementor-widget-divider--view-line elementor-widget elementor-widget-divider\" data-id=\"f2eb828\" data-element_type=\"widget\" data-e-type=\"widget\" data-widget_type=\"divider.default\">\n\t\t\t\t<div class=\"elementor-widget-container\">\n\t\t\t\t\t\t\t<div class=\"elementor-divider\">\n\t\t\t<span class=\"elementor-divider-separator\">\n\t\t\t\t\t\t<\/span>\n\t\t<\/div>\n\t\t\t\t\t\t<\/div>\n\t\t\t\t<\/div>\n\t\t\t\t<\/div>\n\t\t\t\t<\/div>\n\t\t\t\t<div class=\"elementor-element elementor-element-f7c6640 elementor-widget elementor-widget-shortcode\" data-id=\"f7c6640\" data-element_type=\"widget\" data-e-type=\"widget\" data-widget_type=\"shortcode.default\">\n\t\t\t\t<div class=\"elementor-widget-container\">\n\t\t\t\t\t\t\t<div class=\"elementor-shortcode\"><div id=\"mapsvg-1\" data-id=\"1\" class=\"mapsvg\" data-autoload=\"true\" data-load-db=\"true\" data-loading-text=\"Loading map...\" style=\"width: 100%; height: 0; padding-bottom: 50%\"><\/div><\/div>\n\t\t\t\t\t\t<\/div>\n\t\t\t\t<\/div>\n\t\t\t\t\t<\/div>\n\t\t\t\t<\/div>\n\t\t<div class=\"elementor-element elementor-element-56d2dae e-con-full section e-flex e-con e-parent\" data-id=\"56d2dae\" data-element_type=\"container\" data-e-type=\"container\" data-settings=\"{&quot;jet_parallax_layout_list&quot;:[]}\">\n\t\t<div class=\"elementor-element elementor-element-33e6e5b e-con-full e-flex e-con e-child\" data-id=\"33e6e5b\" data-element_type=\"container\" data-e-type=\"container\" data-settings=\"{&quot;jet_parallax_layout_list&quot;:[]}\">\n\t\t\t\t<div class=\"elementor-element elementor-element-6aa5aa1 elementor-widget elementor-widget-heading\" data-id=\"6aa5aa1\" data-element_type=\"widget\" data-e-type=\"widget\" data-widget_type=\"heading.default\">\n\t\t\t\t<div class=\"elementor-widget-container\">\n\t\t\t\t\t<span class=\"elementor-heading-title elementor-size-default\">Si\u00e8ges sociaux et filiales<\/span>\t\t\t\t<\/div>\n\t\t\t\t<\/div>\n\t\t\t\t<div class=\"elementor-element elementor-element-b2cadfd elementor-widget-divider--view-line elementor-widget elementor-widget-divider\" data-id=\"b2cadfd\" data-element_type=\"widget\" data-e-type=\"widget\" data-widget_type=\"divider.default\">\n\t\t\t\t<div class=\"elementor-widget-container\">\n\t\t\t\t\t\t\t<div class=\"elementor-divider\">\n\t\t\t<span class=\"elementor-divider-separator\">\n\t\t\t\t\t\t<\/span>\n\t\t<\/div>\n\t\t\t\t\t\t<\/div>\n\t\t\t\t<\/div>\n\t\t\t\t<\/div>\n\t\t<div class=\"elementor-element elementor-element-beb16be e-grid e-con-full elementor-invisible e-con e-child\" data-id=\"beb16be\" data-element_type=\"container\" data-e-type=\"container\" data-settings=\"{&quot;jet_parallax_layout_list&quot;:[],&quot;animation&quot;:&quot;fadeInLeft&quot;}\">\n\t\t<div class=\"elementor-element elementor-element-437041e e-con-full e-flex e-con e-child\" data-id=\"437041e\" data-element_type=\"container\" data-e-type=\"container\" id=\"espana\" data-settings=\"{&quot;background_background&quot;:&quot;classic&quot;,&quot;jet_parallax_layout_list&quot;:[]}\">\n\t\t\t\t<div class=\"elementor-element elementor-element-53adca7 elementor-widget elementor-widget-text-editor\" data-id=\"53adca7\" data-element_type=\"widget\" data-e-type=\"widget\" data-widget_type=\"text-editor.default\">\n\t\t\t\t<div class=\"elementor-widget-container\">\n\t\t\t\t\t\t\t\t\t<p>AZUD Espagne<br \/><span style=\"font-weight: 500;\">Si\u00e8ge social<\/span><\/p>\t\t\t\t\t\t\t\t<\/div>\n\t\t\t\t<\/div>\n\t\t\t\t<div class=\"elementor-element elementor-element-6593d3c elementor-widget elementor-widget-text-editor\" data-id=\"6593d3c\" data-element_type=\"widget\" data-e-type=\"widget\" data-widget_type=\"text-editor.default\">\n\t\t\t\t<div class=\"elementor-widget-container\">\n\t\t\t\t\t\t\t\t\t<p><span style=\"color: #003865; font-family: Montserrat, Sans-seriff; font-weight: 500;\">SISTEMA AZUD, S.A.<\/span><\/p><p>Avenida de las Am\u00e9ricas P.6\/6 \u2013 Bo\u00eete postale 147, Zone industrielle Ouest, 30820 Alcantarilla, Murcie, Espagne<\/p>\t\t\t\t\t\t\t\t<\/div>\n\t\t\t\t<\/div>\n\t\t\t\t<div class=\"elementor-element elementor-element-252cd8d elementor-widget elementor-widget-text-editor\" data-id=\"252cd8d\" data-element_type=\"widget\" data-e-type=\"widget\" data-widget_type=\"text-editor.default\">\n\t\t\t\t<div class=\"elementor-widget-container\">\n\t\t\t\t\t\t\t\t\t<p><a href=\"mailto:info@azud.com\">info@azud.com<\/a><br \/><a href=\"http:\/\/azud.com\">www.azud.com<\/a><br \/><a href=\"tel:34968808402\">T\u00e9l. +34 968 808 402<\/a><\/p>\t\t\t\t\t\t\t\t<\/div>\n\t\t\t\t<\/div>\n\t\t\t\t<\/div>\n\t\t<div class=\"elementor-element elementor-element-68a8fab e-con-full e-flex e-con e-child\" data-id=\"68a8fab\" data-element_type=\"container\" data-e-type=\"container\" id=\"mexico\" data-settings=\"{&quot;background_background&quot;:&quot;classic&quot;,&quot;jet_parallax_layout_list&quot;:[]}\">\n\t\t\t\t<div class=\"elementor-element elementor-element-8fe6528 elementor-widget elementor-widget-text-editor\" data-id=\"8fe6528\" data-element_type=\"widget\" data-e-type=\"widget\" data-widget_type=\"text-editor.default\">\n\t\t\t\t<div class=\"elementor-widget-container\">\n\t\t\t\t\t\t\t\t\t<p><span style=\"font-weight: 500;\">Filiale au Mexique<\/span><\/p>\t\t\t\t\t\t\t\t<\/div>\n\t\t\t\t<\/div>\n\t\t\t\t<div class=\"elementor-element elementor-element-7238268 elementor-widget elementor-widget-text-editor\" data-id=\"7238268\" data-element_type=\"widget\" data-e-type=\"widget\" data-widget_type=\"text-editor.default\">\n\t\t\t\t<div class=\"elementor-widget-container\">\n\t\t\t\t\t\t\t\t\t<p><span style=\"color: #003865; font-family: Montserrat, Sans-seriff; font-weight: 500;\">AZUD MEXICO, S.A. DE C.V.<\/span><\/p><p>Avenue Los Granjeros n\u00b0 651 Oriente, Local 1.\u2028Secteur Punto Verde, Sinaloa, 81290 Los Mochis, Mexique.<\/p>\t\t\t\t\t\t\t\t<\/div>\n\t\t\t\t<\/div>\n\t\t\t\t<div class=\"elementor-element elementor-element-56ae633 elementor-widget elementor-widget-text-editor\" data-id=\"56ae633\" data-element_type=\"widget\" data-e-type=\"widget\" data-widget_type=\"text-editor.default\">\n\t\t\t\t<div class=\"elementor-widget-container\">\n\t\t\t\t\t\t\t\t\t<p><a href=\"mailto:azudmexicoinfo@azud.mx\">azudmexicoinfo@azud.mx<\/a><\/p><p><a href=\"tel:5216688126999\">T\u00e9l. : +521 668 812 6999<\/a><\/p>\t\t\t\t\t\t\t\t<\/div>\n\t\t\t\t<\/div>\n\t\t\t\t<\/div>\n\t\t<div class=\"elementor-element elementor-element-32f541d e-con-full e-flex e-con e-child\" data-id=\"32f541d\" data-element_type=\"container\" data-e-type=\"container\" id=\"brasil\" data-settings=\"{&quot;background_background&quot;:&quot;classic&quot;,&quot;jet_parallax_layout_list&quot;:[]}\">\n\t\t\t\t<div class=\"elementor-element elementor-element-ebb7c80 elementor-widget elementor-widget-text-editor\" data-id=\"ebb7c80\" data-element_type=\"widget\" data-e-type=\"widget\" data-widget_type=\"text-editor.default\">\n\t\t\t\t<div class=\"elementor-widget-container\">\n\t\t\t\t\t\t\t\t\t<p><span style=\"font-weight: 500;\">Filiale au Br\u00e9sil<\/span><\/p>\t\t\t\t\t\t\t\t<\/div>\n\t\t\t\t<\/div>\n\t\t\t\t<div class=\"elementor-element elementor-element-8e9780a elementor-widget elementor-widget-text-editor\" data-id=\"8e9780a\" data-element_type=\"widget\" data-e-type=\"widget\" data-widget_type=\"text-editor.default\">\n\t\t\t\t<div class=\"elementor-widget-container\">\n\t\t\t\t\t\t\t\t\t<p><span style=\"color: #003865; font-family: Montserrat, Sans-seriff; font-weight: 500;\">AZUD BRASIL<\/span><\/p><p>Rua do Polyester, n\u00b0 378 \u2013 Ind. 02. Zone industrielle Prefeito Abdo. Najar. Salto Grande \u2013 Americana \u2013 SP, Code postal : 13474-764.<\/p>\t\t\t\t\t\t\t\t<\/div>\n\t\t\t\t<\/div>\n\t\t\t\t<div class=\"elementor-element elementor-element-d708016 elementor-widget elementor-widget-text-editor\" data-id=\"d708016\" data-element_type=\"widget\" data-e-type=\"widget\" data-widget_type=\"text-editor.default\">\n\t\t\t\t<div class=\"elementor-widget-container\">\n\t\t\t\t\t\t\t\t\t<p><a href=\"mailto:azudbrasil@azud.com\">azudbrasil@azud.com<\/a><br \/><a href=\"tel:551938496010\">T\u00e9l. : +55 19 3849 6010<\/a><\/p>\t\t\t\t\t\t\t\t<\/div>\n\t\t\t\t<\/div>\n\t\t\t\t<\/div>\n\t\t<div class=\"elementor-element elementor-element-c8d6dda e-con-full e-flex e-con e-child\" data-id=\"c8d6dda\" data-element_type=\"container\" data-e-type=\"container\" id=\"china\" data-settings=\"{&quot;background_background&quot;:&quot;classic&quot;,&quot;jet_parallax_layout_list&quot;:[]}\">\n\t\t\t\t<div class=\"elementor-element elementor-element-ffe067e elementor-widget elementor-widget-text-editor\" data-id=\"ffe067e\" data-element_type=\"widget\" data-e-type=\"widget\" data-widget_type=\"text-editor.default\">\n\t\t\t\t<div class=\"elementor-widget-container\">\n\t\t\t\t\t\t\t\t\t<p><span style=\"font-weight: 500;\">Filiale chinoise<\/span><\/p>\t\t\t\t\t\t\t\t<\/div>\n\t\t\t\t<\/div>\n\t\t\t\t<div class=\"elementor-element elementor-element-e6e663a elementor-widget elementor-widget-text-editor\" data-id=\"e6e663a\" data-element_type=\"widget\" data-e-type=\"widget\" data-widget_type=\"text-editor.default\">\n\t\t\t\t<div class=\"elementor-widget-container\">\n\t\t\t\t\t\t\t\t\t<p><span style=\"color: #003865; font-family: Montserrat, Sans-seriff; font-weight: 500;\">LIFT<\/span><\/p><p>GFANG IFT IRRIGATION &amp; FILTRATION SYSTEMS, CO., LTD. (LIFT)<br \/>Situ\u00e9 dans le parc industriel de Wantong, avenue Chuangye, zone \u00e9conomique et de d\u00e9veloppement de Langfang, 065001, province du Hebei, Chine.<\/p>\t\t\t\t\t\t\t\t<\/div>\n\t\t\t\t<\/div>\n\t\t\t\t<div class=\"elementor-element elementor-element-b8ac294 elementor-widget elementor-widget-text-editor\" data-id=\"b8ac294\" data-element_type=\"widget\" data-e-type=\"widget\" data-widget_type=\"text-editor.default\">\n\t\t\t\t<div class=\"elementor-widget-container\">\n\t\t\t\t\t\t\t\t\t<p>T\u00e9l. : <a href=\"tel:00863166075509\">0086 31 660 75509<\/a><\/p>\t\t\t\t\t\t\t\t<\/div>\n\t\t\t\t<\/div>\n\t\t\t\t<div class=\"elementor-element elementor-element-dd905c4 elementor-widget elementor-widget-text-editor\" data-id=\"dd905c4\" data-element_type=\"widget\" data-e-type=\"widget\" data-widget_type=\"text-editor.default\">\n\t\t\t\t<div class=\"elementor-widget-container\">\n\t\t\t\t\t\t\t\t\t<span style=\"color: #003865; font-family: Montserrat, Sans-seriff; font-weight: 500;\">SINOVIEW<\/span>\n\n<br>\n\nYIXING SINOVIEW ENVIRONTEC CO.LTD\nB\u00e2timent 3, n\u00b0 489, rue Lv Yuan, Xinjie Jiedao.\nParc industriel de Protection, 214200 Yixing, Chine.\t\t\t\t\t\t\t\t<\/div>\n\t\t\t\t<\/div>\n\t\t\t\t<\/div>\n\t\t<div class=\"elementor-element elementor-element-8a80b9b e-con-full e-flex e-con e-child\" data-id=\"8a80b9b\" data-element_type=\"container\" data-e-type=\"container\" id=\"singapore\" data-settings=\"{&quot;background_background&quot;:&quot;classic&quot;,&quot;jet_parallax_layout_list&quot;:[]}\">\n\t\t\t\t<div class=\"elementor-element elementor-element-9673e04 elementor-widget elementor-widget-text-editor\" data-id=\"9673e04\" data-element_type=\"widget\" data-e-type=\"widget\" data-widget_type=\"text-editor.default\">\n\t\t\t\t<div class=\"elementor-widget-container\">\n\t\t\t\t\t\t\t\t\t<p><span style=\"font-weight: 500;\">Filiale de Singapour<\/span><\/p>\t\t\t\t\t\t\t\t<\/div>\n\t\t\t\t<\/div>\n\t\t\t\t<div class=\"elementor-element elementor-element-a3f8d37 elementor-widget elementor-widget-text-editor\" data-id=\"a3f8d37\" data-element_type=\"widget\" data-e-type=\"widget\" data-widget_type=\"text-editor.default\">\n\t\t\t\t<div class=\"elementor-widget-container\">\n\t\t\t\t\t\t\t\t\t<p><span style=\"color: #003865; font-family: Montserrat, Sans-seriff; font-weight: 500;\">AQUAX PTE. LTD.<\/span><\/p><p>Y1003 Bukit Merah<br \/>Central#05-09<br \/>Singapour 159836<\/p>\t\t\t\t\t\t\t\t<\/div>\n\t\t\t\t<\/div>\n\t\t\t\t<div class=\"elementor-element elementor-element-a64ce32 elementor-widget elementor-widget-text-editor\" data-id=\"a64ce32\" data-element_type=\"widget\" data-e-type=\"widget\" data-widget_type=\"text-editor.default\">\n\t\t\t\t<div class=\"elementor-widget-container\">\n\t\t\t\t\t\t\t\t\t<p><a href=\"mailto:aquax@azud.com\">aquax@azud.com<\/a><\/p><p><a href=\"tel:6592715712\">T\u00e9l. : +65 9271 5712<\/a><\/p>\t\t\t\t\t\t\t\t<\/div>\n\t\t\t\t<\/div>\n\t\t\t\t<\/div>\n\t\t<div class=\"elementor-element elementor-element-4dfeec4 e-con-full e-flex e-con e-child\" data-id=\"4dfeec4\" data-element_type=\"container\" data-e-type=\"container\" data-settings=\"{&quot;background_background&quot;:&quot;classic&quot;,&quot;jet_parallax_layout_list&quot;:[]}\">\n\t\t\t\t<div class=\"elementor-element elementor-element-8cd3afa elementor-widget elementor-widget-text-editor\" data-id=\"8cd3afa\" data-element_type=\"widget\" data-e-type=\"widget\" data-widget_type=\"text-editor.default\">\n\t\t\t\t<div class=\"elementor-widget-container\">\n\t\t\t\t\t\t\t\t\t<p><span style=\"font-weight: 500;\">Filiale en Inde<\/span><\/p>\t\t\t\t\t\t\t\t<\/div>\n\t\t\t\t<\/div>\n\t\t\t\t<div class=\"elementor-element elementor-element-34fea7e elementor-widget elementor-widget-text-editor\" data-id=\"34fea7e\" data-element_type=\"widget\" data-e-type=\"widget\" data-widget_type=\"text-editor.default\">\n\t\t\t\t<div class=\"elementor-widget-container\">\n\t\t\t\t\t\t\t\t\t<p>HARVEL AGUA INDIA PRIVATE LIMITED<br \/>301-304 Meghdoot 94, Nehru Place, New Delhi 110 019.<\/p>\t\t\t\t\t\t\t\t<\/div>\n\t\t\t\t<\/div>\n\t\t\t\t<div class=\"elementor-element elementor-element-2294b53 elementor-widget elementor-widget-text-editor\" data-id=\"2294b53\" data-element_type=\"widget\" data-e-type=\"widget\" id=\"india\" data-widget_type=\"text-editor.default\">\n\t\t\t\t<div class=\"elementor-widget-container\">\n\t\t\t\t\t\t\t\t\t<p><a href=\"mailto:azud.india@azud.com\">azud.india@azud.com<\/a><br \/><br \/><a href=\"http:\/\/www.harvel.in\/\" target=\"_blank\" rel=\"noopener\">http:\/\/www.harvel.in\/<\/a> <a href=\"https:\/\/www.harvelagua.com\/\" target=\"_blank\" rel=\"noopener\">https:\/\/www.harvelagua.com\/<\/a><br \/><a href=\"tel:911146224444\">T\u00e9l. : (+91) 11 46224444<\/a><\/p>\t\t\t\t\t\t\t\t<\/div>\n\t\t\t\t<\/div>\n\t\t\t\t<\/div>\n\t\t<div class=\"elementor-element elementor-element-7aa2e9d e-con-full e-flex e-con e-child\" data-id=\"7aa2e9d\" data-element_type=\"container\" data-e-type=\"container\" data-settings=\"{&quot;background_background&quot;:&quot;classic&quot;,&quot;jet_parallax_layout_list&quot;:[]}\">\n\t\t\t\t<div class=\"elementor-element elementor-element-c553606 elementor-widget elementor-widget-text-editor\" data-id=\"c553606\" data-element_type=\"widget\" data-e-type=\"widget\" data-widget_type=\"text-editor.default\">\n\t\t\t\t<div class=\"elementor-widget-container\">\n\t\t\t\t\t\t\t\t\t<p><span style=\"font-weight: 500;\">Filiale aux \u00c9tats-Unis<\/span><\/p>\t\t\t\t\t\t\t\t<\/div>\n\t\t\t\t<\/div>\n\t\t\t\t<div class=\"elementor-element elementor-element-75baf6e elementor-widget elementor-widget-text-editor\" data-id=\"75baf6e\" data-element_type=\"widget\" data-e-type=\"widget\" data-widget_type=\"text-editor.default\">\n\t\t\t\t<div class=\"elementor-widget-container\">\n\t\t\t\t\t\t\t\t\t<p><span style=\"color: #003865; font-family: Montserrat, Sans-seriff; font-weight: 500;\">AZUD USA CORP.<\/span><\/p><p>1690 W. Shaw Avenue, Suite 220, Fresno, 93711. CA (\u00c9tats-Unis)<\/p>\t\t\t\t\t\t\t\t<\/div>\n\t\t\t\t<\/div>\n\t\t\t\t<div class=\"elementor-element elementor-element-6980930 elementor-widget elementor-widget-text-editor\" data-id=\"6980930\" data-element_type=\"widget\" data-e-type=\"widget\" data-widget_type=\"text-editor.default\">\n\t\t\t\t<div class=\"elementor-widget-container\">\n\t\t\t\t\t\t\t\t\t<p>E-mail : <a href=\"mailto:info@azud.us\">info@azud.us<\/a><br \/>T\u00e9l\u00e9phone : +1 559 801 4226<\/p>\t\t\t\t\t\t\t\t<\/div>\n\t\t\t\t<\/div>\n\t\t\t\t<\/div>\n\t\t\t\t<\/div>\n\t\t\t\t<\/div>\n\t\t\t\t<\/div>\n\t\t","protected":false},"excerpt":{"rendered":"<p>AZUD Contact Vous souhaitez en savoir plus sur nos solutions ? Contactez-nous et nous vous aiderons \u00e0 trouver la solution la mieux adapt\u00e9e \u00e0 vos besoins. Chez AZUD, nous croyons en une gestion de l&#x27;eau efficace, durable et rentable. Contact Devenir distributeur Assistance technique O\u00f9 nous sommes Si\u00e8ges sociaux et filiales AZUD EspagneSi\u00e8ge social SISTEMA [&hellip;]<\/p>\n","protected":false},"author":1,"featured_media":0,"parent":0,"menu_order":11,"comment_status":"closed","ping_status":"closed","template":"","meta":{"footnotes":""},"class_list":["post-49674","page","type-page","status-publish","hentry"],"_links":{"self":[{"href":"https:\/\/playroom.azud.com\/fr\/wp-json\/wp\/v2\/pages\/49674","targetHints":{"allow":["GET"]}}],"collection":[{"href":"https:\/\/playroom.azud.com\/fr\/wp-json\/wp\/v2\/pages"}],"about":[{"href":"https:\/\/playroom.azud.com\/fr\/wp-json\/wp\/v2\/types\/page"}],"author":[{"embeddable":true,"href":"https:\/\/playroom.azud.com\/fr\/wp-json\/wp\/v2\/users\/1"}],"replies":[{"embeddable":true,"href":"https:\/\/playroom.azud.com\/fr\/wp-json\/wp\/v2\/comments?post=49674"}],"version-history":[{"count":13,"href":"https:\/\/playroom.azud.com\/fr\/wp-json\/wp\/v2\/pages\/49674\/revisions"}],"predecessor-version":[{"id":51642,"href":"https:\/\/playroom.azud.com\/fr\/wp-json\/wp\/v2\/pages\/49674\/revisions\/51642"}],"wp:attachment":[{"href":"https:\/\/playroom.azud.com\/fr\/wp-json\/wp\/v2\/media?parent=49674"}],"curies":[{"name":"wp","href":"https:\/\/api.w.org\/{rel}","templated":true}]}}