{"id":62508,"date":"2025-06-24T15:38:21","date_gmt":"2025-06-24T15:38:21","guid":{"rendered":"https:\/\/playroom.azud.com\/app-azis-descarga\/"},"modified":"2026-05-14T05:42:43","modified_gmt":"2026-05-14T05:42:43","slug":"app-azis-descarga","status":"publish","type":"page","link":"https:\/\/playroom.azud.com\/pt-pt\/app-azis-descarga\/","title":{"rendered":"APP Azis descarga"},"content":{"rendered":"\t\t<div data-elementor-type=\"wp-page\" data-elementor-id=\"62508\" class=\"elementor elementor-62508 elementor-18364\" data-elementor-post-type=\"page\">\n\t\t\t\t<div class=\"elementor-element elementor-element-5371e81 e-flex e-con-boxed e-con e-parent\" data-id=\"5371e81\" data-element_type=\"container\" data-e-type=\"container\" data-settings=\"{&quot;background_background&quot;:&quot;classic&quot;,&quot;jet_parallax_layout_list&quot;:[]}\">\n\t\t\t\t\t<div class=\"e-con-inner\">\n\t\t\t\t<div class=\"elementor-element elementor-element-6fef635 elementor-widget__width-initial elementor-widget elementor-widget-image\" data-id=\"6fef635\" data-element_type=\"widget\" data-e-type=\"widget\" data-widget_type=\"image.default\">\n\t\t\t\t<div class=\"elementor-widget-container\">\n\t\t\t\t\t\t\t\t\t\t\t\t\t\t\t<img fetchpriority=\"high\" decoding=\"async\" width=\"800\" height=\"800\" src=\"https:\/\/playroom.azud.com\/wp-content\/uploads\/2026\/05\/ICONO-AZUD-AZIS-APP-APPLE-2.png\" class=\"attachment-large size-large wp-image-61976\" alt=\"\" srcset=\"https:\/\/playroom.azud.com\/wp-content\/uploads\/2026\/05\/ICONO-AZUD-AZIS-APP-APPLE-2.png 1024w, https:\/\/playroom.azud.com\/wp-content\/uploads\/2026\/05\/ICONO-AZUD-AZIS-APP-APPLE-2-300x300.png 300w, https:\/\/playroom.azud.com\/wp-content\/uploads\/2026\/05\/ICONO-AZUD-AZIS-APP-APPLE-2-150x150.png 150w, https:\/\/playroom.azud.com\/wp-content\/uploads\/2026\/05\/ICONO-AZUD-AZIS-APP-APPLE-2-768x768.png 768w\" sizes=\"(max-width: 800px) 100vw, 800px\" \/>\t\t\t\t\t\t\t\t\t\t\t\t\t\t\t<\/div>\n\t\t\t\t<\/div>\n\t\t\t\t<div class=\"elementor-element elementor-element-2b4996c elementor-widget__width-initial elementor-widget elementor-widget-heading\" data-id=\"2b4996c\" data-element_type=\"widget\" data-e-type=\"widget\" data-widget_type=\"heading.default\">\n\t\t\t\t<div class=\"elementor-widget-container\">\n\t\t\t\t\t<h2 class=\"elementor-heading-title elementor-size-default\">Projete sistemas de rega gota a gota em poucos minutos com o AZUD AZIS<\/h2>\t\t\t\t<\/div>\n\t\t\t\t<\/div>\n\t\t\t\t<div class=\"elementor-element elementor-element-9e8304d elementor-widget__width-initial boton-azud-calculadora elementor-widget elementor-widget-button\" data-id=\"9e8304d\" data-element_type=\"widget\" data-e-type=\"widget\" data-widget_type=\"button.default\">\n\t\t\t\t<div class=\"elementor-widget-container\">\n\t\t\t\t\t\t\t\t\t<div class=\"elementor-button-wrapper\">\n\t\t\t\t\t<a class=\"elementor-button elementor-button-link elementor-size-sm\" href=\"https:\/\/azis.azud.com\/#\/lateral\" target=\"_blank\">\n\t\t\t\t\t\t<span class=\"elementor-button-content-wrapper\">\n\t\t\t\t\t\t\t\t\t<span class=\"elementor-button-text\">Aceda \u00e0 calculadora AZUD AZIS<\/span>\n\t\t\t\t\t<\/span>\n\t\t\t\t\t<\/a>\n\t\t\t\t<\/div>\n\t\t\t\t\t\t\t\t<\/div>\n\t\t\t\t<\/div>\n\t\t\t\t\t<\/div>\n\t\t\t\t<\/div>\n\t\t<div class=\"elementor-element elementor-element-218fe39 e-con-full e-flex e-con e-parent\" data-id=\"218fe39\" data-element_type=\"container\" data-e-type=\"container\" data-settings=\"{&quot;jet_parallax_layout_list&quot;:[]}\">\n\t\t\t\t<div class=\"elementor-element elementor-element-6ae65b1 elementor-widget__width-initial elementor-widget elementor-widget-jet-breadcrumbs\" data-id=\"6ae65b1\" data-element_type=\"widget\" data-e-type=\"widget\" data-widget_type=\"jet-breadcrumbs.default\">\n\t\t\t\t<div class=\"elementor-widget-container\">\n\t\t\t\t\t<div class=\"elementor-jet-breadcrumbs jet-blocks\">\n\t\t<div class=\"jet-breadcrumbs\">\n\t\t<div class=\"jet-breadcrumbs__content\">\n\t\t<div class=\"jet-breadcrumbs__wrap\"><div class=\"jet-breadcrumbs__item\"><a href=\"https:\/\/playroom.azud.com\/pt-pt\/\" class=\"jet-breadcrumbs__item-link is-home\" rel=\"home\" title=\"AZUD\">AZUD<\/a><\/div>\n\t\t<\/div>\n\t\t<\/div>\n\t\t<\/div><\/div>\t\t\t\t<\/div>\n\t\t\t\t<\/div>\n\t\t\t\t<\/div>\n\t\t<div class=\"elementor-element elementor-element-5f300f1 e-con-full e-flex e-con e-parent\" data-id=\"5f300f1\" data-element_type=\"container\" data-e-type=\"container\" data-settings=\"{&quot;background_background&quot;:&quot;classic&quot;,&quot;jet_parallax_layout_list&quot;:[]}\">\n\t\t<div class=\"elementor-element elementor-element-5fa05bc e-con-full e-flex e-con e-child\" data-id=\"5fa05bc\" data-element_type=\"container\" data-e-type=\"container\" data-settings=\"{&quot;jet_parallax_layout_list&quot;:[]}\">\n\t\t\t\t<div class=\"elementor-element elementor-element-1998dbb elementor-widget elementor-widget-heading\" data-id=\"1998dbb\" data-element_type=\"widget\" data-e-type=\"widget\" data-widget_type=\"heading.default\">\n\t\t\t\t<div class=\"elementor-widget-container\">\n\t\t\t\t\t<h2 class=\"elementor-heading-title elementor-size-default\">O que \u00e9 o AZUD AZIS?<\/h2>\t\t\t\t<\/div>\n\t\t\t\t<\/div>\n\t\t<div class=\"elementor-element elementor-element-fd3edcf e-con-full e-flex e-con e-child\" data-id=\"fd3edcf\" data-element_type=\"container\" data-e-type=\"container\" data-settings=\"{&quot;jet_parallax_layout_list&quot;:[]}\">\n\t\t\t\t<div class=\"elementor-element elementor-element-6bb6fe9 elementor-widget elementor-widget-heading\" data-id=\"6bb6fe9\" data-element_type=\"widget\" data-e-type=\"widget\" data-widget_type=\"heading.default\">\n\t\t\t\t<div class=\"elementor-widget-container\">\n\t\t\t\t\t<h2 class=\"elementor-heading-title elementor-size-default\">O AZUD AZIS \u00e9 uma ferramenta digital gratuita para o projeto hidr\u00e1ulico de sistemas de rega gota a gota.<\/h2>\t\t\t\t<\/div>\n\t\t\t\t<\/div>\n\t\t\t\t<div class=\"elementor-element elementor-element-94dcb9e elementor-widget elementor-widget-heading\" data-id=\"94dcb9e\" data-element_type=\"widget\" data-e-type=\"widget\" data-widget_type=\"heading.default\">\n\t\t\t\t<div class=\"elementor-widget-container\">\n\t\t\t\t\t<h2 class=\"elementor-heading-title elementor-size-default\">Permite calcular em poucos minutos as principais vari\u00e1veis hidr\u00e1ulicas e dimensionar a instala\u00e7\u00e3o de forma r\u00e1pida, precisa e intuitiva, facilitando o trabalho di\u00e1rio de t\u00e9cnicos e profissionais da \u00e1rea da irriga\u00e7\u00e3o.<\/h2>\t\t\t\t<\/div>\n\t\t\t\t<\/div>\n\t\t\t\t<\/div>\n\t\t\t\t<\/div>\n\t\t<div class=\"elementor-element elementor-element-fc01f14 e-con-full e-flex e-con e-child\" data-id=\"fc01f14\" data-element_type=\"container\" data-e-type=\"container\" data-settings=\"{&quot;jet_parallax_layout_list&quot;:[]}\">\n\t\t\t\t<div class=\"elementor-element elementor-element-bc571cf elementor-widget elementor-widget-heading\" data-id=\"bc571cf\" data-element_type=\"widget\" data-e-type=\"widget\" data-widget_type=\"heading.default\">\n\t\t\t\t<div class=\"elementor-widget-container\">\n\t\t\t\t\t<h2 class=\"elementor-heading-title elementor-size-default\">Tudo o que precisa para projetar o seu sistema de rega, numa \u00fanica aplica\u00e7\u00e3o<\/h2>\t\t\t\t<\/div>\n\t\t\t\t<\/div>\n\t\t\t\t<\/div>\n\t\t<div class=\"elementor-element elementor-element-1c64679 e-grid e-con-full e-con e-child\" data-id=\"1c64679\" data-element_type=\"container\" data-e-type=\"container\" data-settings=\"{&quot;background_background&quot;:&quot;classic&quot;,&quot;jet_parallax_layout_list&quot;:[]}\">\n\t\t<div class=\"elementor-element elementor-element-87e8e11 e-con-full e-flex e-con e-child\" data-id=\"87e8e11\" data-element_type=\"container\" data-e-type=\"container\" data-settings=\"{&quot;background_background&quot;:&quot;slideshow&quot;,&quot;background_slideshow_gallery&quot;:[{&quot;id&quot;:61875,&quot;url&quot;:&quot;https:\\\/\\\/playroom.azud.com\\\/wp-content\\\/uploads\\\/2026\\\/05\\\/5.webp&quot;}],&quot;jet_parallax_layout_list&quot;:[],&quot;background_slideshow_loop&quot;:&quot;yes&quot;,&quot;background_slideshow_slide_duration&quot;:5000,&quot;background_slideshow_slide_transition&quot;:&quot;fade&quot;,&quot;background_slideshow_transition_duration&quot;:500}\">\n\t\t\t\t<div class=\"elementor-element elementor-element-d34a97b elementor-widget__width-initial elementor-widget elementor-widget-heading\" data-id=\"d34a97b\" data-element_type=\"widget\" data-e-type=\"widget\" data-widget_type=\"heading.default\">\n\t\t\t\t<div class=\"elementor-widget-container\">\n\t\t\t\t\t<h2 class=\"elementor-heading-title elementor-size-default\">C\u00e1lculo hidr\u00e1ulico autom\u00e1tico<\/h2>\t\t\t\t<\/div>\n\t\t\t\t<\/div>\n\t\t\t\t<div class=\"elementor-element elementor-element-95561a1 elementor-widget__width-initial elementor-widget elementor-widget-heading\" data-id=\"95561a1\" data-element_type=\"widget\" data-e-type=\"widget\" data-widget_type=\"heading.default\">\n\t\t\t\t<div class=\"elementor-widget-container\">\n\t\t\t\t\t<h2 class=\"elementor-heading-title elementor-size-default\">Calcule rapidamente vari\u00e1veis essenciais como press\u00e3o, caudal, comprimento e perdas de carga<\/h2>\t\t\t\t<\/div>\n\t\t\t\t<\/div>\n\t\t\t\t<\/div>\n\t\t<div class=\"elementor-element elementor-element-80dab89 e-con-full e-flex e-con e-child\" data-id=\"80dab89\" data-element_type=\"container\" data-e-type=\"container\" data-settings=\"{&quot;background_background&quot;:&quot;slideshow&quot;,&quot;background_slideshow_gallery&quot;:[{&quot;id&quot;:61863,&quot;url&quot;:&quot;https:\\\/\\\/playroom.azud.com\\\/wp-content\\\/uploads\\\/2026\\\/05\\\/6.webp&quot;}],&quot;jet_parallax_layout_list&quot;:[],&quot;background_slideshow_loop&quot;:&quot;yes&quot;,&quot;background_slideshow_slide_duration&quot;:5000,&quot;background_slideshow_slide_transition&quot;:&quot;fade&quot;,&quot;background_slideshow_transition_duration&quot;:500}\">\n\t\t\t\t<div class=\"elementor-element elementor-element-91095e1 elementor-widget__width-initial elementor-widget elementor-widget-heading\" data-id=\"91095e1\" data-element_type=\"widget\" data-e-type=\"widget\" data-widget_type=\"heading.default\">\n\t\t\t\t<div class=\"elementor-widget-container\">\n\t\t\t\t\t<h2 class=\"elementor-heading-title elementor-size-default\">C\u00e1lculo hidr\u00e1ulico autom\u00e1tico<\/h2>\t\t\t\t<\/div>\n\t\t\t\t<\/div>\n\t\t\t\t<div class=\"elementor-element elementor-element-3ccf0c2 elementor-widget__width-initial elementor-widget elementor-widget-heading\" data-id=\"3ccf0c2\" data-element_type=\"widget\" data-e-type=\"widget\" data-widget_type=\"heading.default\">\n\t\t\t\t<div class=\"elementor-widget-container\">\n\t\t\t\t\t<h2 class=\"elementor-heading-title elementor-size-default\">Calcule rapidamente vari\u00e1veis essenciais como press\u00e3o, caudal, comprimento e perdas de carga<\/h2>\t\t\t\t<\/div>\n\t\t\t\t<\/div>\n\t\t\t\t<\/div>\n\t\t<div class=\"elementor-element elementor-element-3810914 e-con-full e-flex e-con e-child\" data-id=\"3810914\" data-element_type=\"container\" data-e-type=\"container\" data-settings=\"{&quot;background_background&quot;:&quot;slideshow&quot;,&quot;background_slideshow_gallery&quot;:[{&quot;id&quot;:61869,&quot;url&quot;:&quot;https:\\\/\\\/playroom.azud.com\\\/wp-content\\\/uploads\\\/2026\\\/05\\\/7.webp&quot;}],&quot;jet_parallax_layout_list&quot;:[],&quot;background_slideshow_loop&quot;:&quot;yes&quot;,&quot;background_slideshow_slide_duration&quot;:5000,&quot;background_slideshow_slide_transition&quot;:&quot;fade&quot;,&quot;background_slideshow_transition_duration&quot;:500}\">\n\t\t\t\t<div class=\"elementor-element elementor-element-d69c534 elementor-widget__width-initial elementor-widget elementor-widget-heading\" data-id=\"d69c534\" data-element_type=\"widget\" data-e-type=\"widget\" data-widget_type=\"heading.default\">\n\t\t\t\t<div class=\"elementor-widget-container\">\n\t\t\t\t\t<h2 class=\"elementor-heading-title elementor-size-default\">C\u00e1lculo hidr\u00e1ulico autom\u00e1tico<\/h2>\t\t\t\t<\/div>\n\t\t\t\t<\/div>\n\t\t\t\t<div class=\"elementor-element elementor-element-d532aaf elementor-widget__width-initial elementor-widget elementor-widget-heading\" data-id=\"d532aaf\" data-element_type=\"widget\" data-e-type=\"widget\" data-widget_type=\"heading.default\">\n\t\t\t\t<div class=\"elementor-widget-container\">\n\t\t\t\t\t<h2 class=\"elementor-heading-title elementor-size-default\">Calcule rapidamente vari\u00e1veis essenciais como press\u00e3o, caudal, comprimento e perdas de carga<\/h2>\t\t\t\t<\/div>\n\t\t\t\t<\/div>\n\t\t\t\t<\/div>\n\t\t<div class=\"elementor-element elementor-element-c2c22f9 e-con-full e-flex e-con e-child\" data-id=\"c2c22f9\" data-element_type=\"container\" data-e-type=\"container\" data-settings=\"{&quot;background_background&quot;:&quot;slideshow&quot;,&quot;background_slideshow_gallery&quot;:[{&quot;id&quot;:61881,&quot;url&quot;:&quot;https:\\\/\\\/playroom.azud.com\\\/wp-content\\\/uploads\\\/2026\\\/05\\\/8.webp&quot;}],&quot;jet_parallax_layout_list&quot;:[],&quot;background_slideshow_loop&quot;:&quot;yes&quot;,&quot;background_slideshow_slide_duration&quot;:5000,&quot;background_slideshow_slide_transition&quot;:&quot;fade&quot;,&quot;background_slideshow_transition_duration&quot;:500}\">\n\t\t\t\t<div class=\"elementor-element elementor-element-bb77d18 elementor-widget__width-initial elementor-widget elementor-widget-heading\" data-id=\"bb77d18\" data-element_type=\"widget\" data-e-type=\"widget\" data-widget_type=\"heading.default\">\n\t\t\t\t<div class=\"elementor-widget-container\">\n\t\t\t\t\t<h2 class=\"elementor-heading-title elementor-size-default\">C\u00e1lculo hidr\u00e1ulico autom\u00e1tico<\/h2>\t\t\t\t<\/div>\n\t\t\t\t<\/div>\n\t\t\t\t<div class=\"elementor-element elementor-element-bf92b57 elementor-widget__width-initial elementor-widget elementor-widget-heading\" data-id=\"bf92b57\" data-element_type=\"widget\" data-e-type=\"widget\" data-widget_type=\"heading.default\">\n\t\t\t\t<div class=\"elementor-widget-container\">\n\t\t\t\t\t<h2 class=\"elementor-heading-title elementor-size-default\">Calcule rapidamente vari\u00e1veis essenciais como press\u00e3o, caudal, comprimento e perdas de carga<\/h2>\t\t\t\t<\/div>\n\t\t\t\t<\/div>\n\t\t\t\t<\/div>\n\t\t\t\t<\/div>\n\t\t\t\t<\/div>\n\t\t<div class=\"elementor-element elementor-element-410b0cc e-con-full e-flex e-con e-parent\" data-id=\"410b0cc\" data-element_type=\"container\" data-e-type=\"container\" data-settings=\"{&quot;jet_parallax_layout_list&quot;:[]}\">\n\t\t<div class=\"elementor-element elementor-element-eec79d5 e-con-full e-flex e-con e-child\" data-id=\"eec79d5\" data-element_type=\"container\" data-e-type=\"container\" data-settings=\"{&quot;jet_parallax_layout_list&quot;:[]}\">\n\t\t<div class=\"elementor-element elementor-element-1732ad7 e-con-full e-flex e-con e-child\" data-id=\"1732ad7\" data-element_type=\"container\" data-e-type=\"container\" data-settings=\"{&quot;jet_parallax_layout_list&quot;:[]}\">\n\t\t\t\t<div class=\"elementor-element elementor-element-c8e8f34 elementor-widget elementor-widget-heading\" data-id=\"c8e8f34\" data-element_type=\"widget\" data-e-type=\"widget\" data-widget_type=\"heading.default\">\n\t\t\t\t<div class=\"elementor-widget-container\">\n\t\t\t\t\t<span class=\"elementor-heading-title elementor-size-default\">Instru\u00e7\u00f5es<\/span>\t\t\t\t<\/div>\n\t\t\t\t<\/div>\n\t\t\t\t<div class=\"elementor-element elementor-element-68d45b7 elementor-widget-divider--view-line elementor-widget elementor-widget-divider\" data-id=\"68d45b7\" data-element_type=\"widget\" data-e-type=\"widget\" data-widget_type=\"divider.default\">\n\t\t\t\t<div class=\"elementor-widget-container\">\n\t\t\t\t\t\t\t<div class=\"elementor-divider\">\n\t\t\t<span class=\"elementor-divider-separator\">\n\t\t\t\t\t\t<\/span>\n\t\t<\/div>\n\t\t\t\t\t\t<\/div>\n\t\t\t\t<\/div>\n\t\t\t\t<\/div>\n\t\t\t\t<\/div>\n\t\t<div class=\"elementor-element elementor-element-791d17b e-con-full e-flex e-con e-child\" data-id=\"791d17b\" data-element_type=\"container\" data-e-type=\"container\" data-settings=\"{&quot;jet_parallax_layout_list&quot;:[]}\">\n\t\t\t\t<div class=\"elementor-element elementor-element-ddb66a6 elementor-widget elementor-widget-heading\" data-id=\"ddb66a6\" data-element_type=\"widget\" data-e-type=\"widget\" data-widget_type=\"heading.default\">\n\t\t\t\t<div class=\"elementor-widget-container\">\n\t\t\t\t\t<h2 class=\"elementor-heading-title elementor-size-default\">Como come\u00e7ar a us\u00e1-la?<\/h2>\t\t\t\t<\/div>\n\t\t\t\t<\/div>\n\t\t\t\t<\/div>\n\t\t<div class=\"elementor-element elementor-element-23d3f28 e-flex e-con-boxed e-con e-child\" data-id=\"23d3f28\" data-element_type=\"container\" data-e-type=\"container\" data-settings=\"{&quot;jet_parallax_layout_list&quot;:[]}\">\n\t\t\t\t\t<div class=\"e-con-inner\">\n\t\t<div class=\"elementor-element elementor-element-faf31da e-con-full e-flex e-con e-child\" data-id=\"faf31da\" data-element_type=\"container\" data-e-type=\"container\" data-settings=\"{&quot;jet_parallax_layout_list&quot;:[]}\">\n\t\t\t\t<div class=\"elementor-element elementor-element-52a38f0 elementor-widget__width-initial elementor-widget elementor-widget-text-editor\" data-id=\"52a38f0\" data-element_type=\"widget\" data-e-type=\"widget\" data-widget_type=\"text-editor.default\">\n\t\t\t\t<div class=\"elementor-widget-container\">\n\t\t\t\t\t\t\t\t\t<div class=\"azud-azis-steps\">\n<div class=\"azud-azis-step\">\n<div class=\"azud-azis-number\">1.<\/div>\n<div class=\"azud-azis-text\">Descarregue o AZUD AZIS na Google Play ou na Apple Store<\/div>\n<\/div>\n<div class=\"azud-azis-step\">\n<div class=\"azud-azis-number\">2.<\/div>\n<div class=\"azud-azis-text\">Digitalize o c\u00f3digo QR ou aceda ao\n<a href=\"https:\/\/azis.azud.com\/#\/lateral\" target=\"_blank\" rel=\"noopener noreferrer\">vers\u00e3o web<\/a><\/div>\n<\/div>\n<div class=\"azud-azis-step\">\n<div class=\"azud-azis-number\">3.<\/div>\n<div class=\"azud-azis-text\">Introduza os dados do seu projeto<\/div>\n<\/div>\n<div class=\"azud-azis-step\">\n<div class=\"azud-azis-number\">4.<\/div>\n<div class=\"azud-azis-text\">Obtenha o c\u00e1lculo hidr\u00e1ulico completo num instante<\/div>\n<\/div>\n<\/div>\t\t\t\t\t\t\t\t<\/div>\n\t\t\t\t<\/div>\n\t\t<div class=\"elementor-element elementor-element-8f53744 e-con-full e-flex e-con e-child\" data-id=\"8f53744\" data-element_type=\"container\" data-e-type=\"container\" data-settings=\"{&quot;jet_parallax_layout_list&quot;:[]}\">\n\t\t<div class=\"elementor-element elementor-element-6ca90c5 e-con-full e-flex e-con e-child\" data-id=\"6ca90c5\" data-element_type=\"container\" data-e-type=\"container\" data-settings=\"{&quot;jet_parallax_layout_list&quot;:[]}\">\n\t\t<div class=\"elementor-element elementor-element-71c813b e-con-full e-flex e-con e-child\" data-id=\"71c813b\" data-element_type=\"container\" data-e-type=\"container\" data-settings=\"{&quot;jet_parallax_layout_list&quot;:[]}\">\n\t\t\t\t<div class=\"elementor-element elementor-element-a95e18b elementor-widget elementor-widget-image\" data-id=\"a95e18b\" data-element_type=\"widget\" data-e-type=\"widget\" data-widget_type=\"image.default\">\n\t\t\t\t<div class=\"elementor-widget-container\">\n\t\t\t\t\t\t\t\t\t\t\t\t\t\t\t<img decoding=\"async\" width=\"270\" height=\"269\" src=\"https:\/\/playroom.azud.com\/wp-content\/uploads\/2026\/05\/APP-STORE-1-1.png\" class=\"attachment-large size-large wp-image-62069\" alt=\"\" srcset=\"https:\/\/playroom.azud.com\/wp-content\/uploads\/2026\/05\/APP-STORE-1-1.png 270w, https:\/\/playroom.azud.com\/wp-content\/uploads\/2026\/05\/APP-STORE-1-1-150x150.png 150w\" sizes=\"(max-width: 270px) 100vw, 270px\" \/>\t\t\t\t\t\t\t\t\t\t\t\t\t\t\t<\/div>\n\t\t\t\t<\/div>\n\t\t\t\t<div class=\"elementor-element elementor-element-1200262 elementor-widget elementor-widget-image\" data-id=\"1200262\" data-element_type=\"widget\" data-e-type=\"widget\" data-widget_type=\"image.default\">\n\t\t\t\t<div class=\"elementor-widget-container\">\n\t\t\t\t\t\t\t\t\t\t\t\t\t\t\t\t<a href=\"https:\/\/play.google.com\/store\/apps\/details?id=com.azud.azis\" target=\"_blank\">\n\t\t\t\t\t\t\t<img decoding=\"async\" width=\"565\" height=\"168\" src=\"https:\/\/playroom.azud.com\/wp-content\/uploads\/2026\/05\/App_Store_Badge_ESMX_RGB_blk.svg.png\" class=\"attachment-large size-large wp-image-62020\" alt=\"\" srcset=\"https:\/\/playroom.azud.com\/wp-content\/uploads\/2026\/05\/App_Store_Badge_ESMX_RGB_blk.svg.png 565w, https:\/\/playroom.azud.com\/wp-content\/uploads\/2026\/05\/App_Store_Badge_ESMX_RGB_blk.svg-300x89.png 300w\" sizes=\"(max-width: 565px) 100vw, 565px\" \/>\t\t\t\t\t\t\t\t<\/a>\n\t\t\t\t\t\t\t\t\t\t\t\t\t\t\t<\/div>\n\t\t\t\t<\/div>\n\t\t\t\t<\/div>\n\t\t<div class=\"elementor-element elementor-element-f68695b e-con-full e-flex e-con e-child\" data-id=\"f68695b\" data-element_type=\"container\" data-e-type=\"container\" data-settings=\"{&quot;jet_parallax_layout_list&quot;:[]}\">\n\t\t\t\t<div class=\"elementor-element elementor-element-bbca036 elementor-widget elementor-widget-image\" data-id=\"bbca036\" data-element_type=\"widget\" data-e-type=\"widget\" data-widget_type=\"image.default\">\n\t\t\t\t<div class=\"elementor-widget-container\">\n\t\t\t\t\t\t\t\t\t\t\t\t\t\t\t<img loading=\"lazy\" decoding=\"async\" width=\"270\" height=\"269\" src=\"https:\/\/playroom.azud.com\/wp-content\/uploads\/2026\/05\/GOOGLE-PLAY-1-1.png\" class=\"attachment-large size-large wp-image-62063\" alt=\"\" srcset=\"https:\/\/playroom.azud.com\/wp-content\/uploads\/2026\/05\/GOOGLE-PLAY-1-1.png 270w, https:\/\/playroom.azud.com\/wp-content\/uploads\/2026\/05\/GOOGLE-PLAY-1-1-150x150.png 150w\" sizes=\"(max-width: 270px) 100vw, 270px\" \/>\t\t\t\t\t\t\t\t\t\t\t\t\t\t\t<\/div>\n\t\t\t\t<\/div>\n\t\t\t\t<div class=\"elementor-element elementor-element-ef6ea65 elementor-widget elementor-widget-image\" data-id=\"ef6ea65\" data-element_type=\"widget\" data-e-type=\"widget\" data-widget_type=\"image.default\">\n\t\t\t\t<div class=\"elementor-widget-container\">\n\t\t\t\t\t\t\t\t\t\t\t\t\t\t\t\t<a href=\"https:\/\/play.google.com\/store\/apps\/details?id=com.azud.azis\" target=\"_blank\">\n\t\t\t\t\t\t\t<img loading=\"lazy\" decoding=\"async\" width=\"565\" height=\"168\" src=\"https:\/\/playroom.azud.com\/wp-content\/uploads\/2026\/05\/en_badge_web_generic-1.png\" class=\"attachment-large size-large wp-image-62011\" alt=\"\" srcset=\"https:\/\/playroom.azud.com\/wp-content\/uploads\/2026\/05\/en_badge_web_generic-1.png 565w, https:\/\/playroom.azud.com\/wp-content\/uploads\/2026\/05\/en_badge_web_generic-1-300x89.png 300w\" sizes=\"(max-width: 565px) 100vw, 565px\" \/>\t\t\t\t\t\t\t\t<\/a>\n\t\t\t\t\t\t\t\t\t\t\t\t\t\t\t<\/div>\n\t\t\t\t<\/div>\n\t\t\t\t<\/div>\n\t\t\t\t<\/div>\n\t\t\t\t<\/div>\n\t\t\t\t<\/div>\n\t\t\t\t\t<\/div>\n\t\t\t\t<\/div>\n\t\t\t\t<\/div>\n\t\t<div class=\"elementor-element elementor-element-7349396 e-flex e-con-boxed e-con e-parent\" data-id=\"7349396\" data-element_type=\"container\" data-e-type=\"container\" data-settings=\"{&quot;background_background&quot;:&quot;classic&quot;,&quot;jet_parallax_layout_list&quot;:[]}\">\n\t\t\t\t\t<div class=\"e-con-inner\">\n\t\t\t\t<div class=\"elementor-element elementor-element-e29a9d1 elementor-widget-tablet__width-initial elementor-widget__width-initial elementor-widget elementor-widget-heading\" data-id=\"e29a9d1\" data-element_type=\"widget\" data-e-type=\"widget\" data-widget_type=\"heading.default\">\n\t\t\t\t<div class=\"elementor-widget-container\">\n\t\t\t\t\t<h2 class=\"elementor-heading-title elementor-size-default\">\u00c9 a primeira vez que usas o AZUD AZIS?<\/h2>\t\t\t\t<\/div>\n\t\t\t\t<\/div>\n\t\t\t\t<div class=\"elementor-element elementor-element-765557f elementor-widget-tablet__width-initial elementor-widget__width-initial elementor-widget elementor-widget-heading\" data-id=\"765557f\" data-element_type=\"widget\" data-e-type=\"widget\" data-widget_type=\"heading.default\">\n\t\t\t\t<div class=\"elementor-widget-container\">\n\t\t\t\t\t<h6 class=\"elementor-heading-title elementor-size-default\">Veja os nossos tutoriais em v\u00eddeo<\/h6>\t\t\t\t<\/div>\n\t\t\t\t<\/div>\n\t\t\t\t<div class=\"elementor-element elementor-element-8f7f2df boton-azud-calculadora2 elementor-widget elementor-widget-button\" data-id=\"8f7f2df\" data-element_type=\"widget\" data-e-type=\"widget\" data-widget_type=\"button.default\">\n\t\t\t\t<div class=\"elementor-widget-container\">\n\t\t\t\t\t\t\t\t\t<div class=\"elementor-button-wrapper\">\n\t\t\t\t\t<a class=\"elementor-button elementor-button-link elementor-size-sm\" href=\"#elementor-action%3Aaction%3Dpopup%3Aopen%26settings%3DeyJpZCI6NjE4MzcsInRvZ2dsZSI6ZmFsc2V9\">\n\t\t\t\t\t\t<span class=\"elementor-button-content-wrapper\">\n\t\t\t\t\t\t\t\t\t<span class=\"elementor-button-text\">Aceder aos tutoriais<\/span>\n\t\t\t\t\t<\/span>\n\t\t\t\t\t<\/a>\n\t\t\t\t<\/div>\n\t\t\t\t\t\t\t\t<\/div>\n\t\t\t\t<\/div>\n\t\t\t\t\t<\/div>\n\t\t\t\t<\/div>\n\t\t\t\t<\/div>\n\t\t","protected":false},"excerpt":{"rendered":"<p>Projete sistemas de rega gota a gota em poucos minutos com o AZUD AZIS Aceda \u00e0 calculadora AZUD AZIS AZUD O que \u00e9 o AZUD AZIS? O AZUD AZIS \u00e9 uma ferramenta digital gratuita para o projeto hidr\u00e1ulico de sistemas de rega gota a gota. Permite calcular em poucos minutos as principais vari\u00e1veis hidr\u00e1ulicas e [&hellip;]<\/p>\n","protected":false},"author":1,"featured_media":0,"parent":0,"menu_order":0,"comment_status":"closed","ping_status":"closed","template":"","meta":{"footnotes":""},"class_list":["post-62508","page","type-page","status-publish","hentry"],"_links":{"self":[{"href":"https:\/\/playroom.azud.com\/pt-pt\/wp-json\/wp\/v2\/pages\/62508","targetHints":{"allow":["GET"]}}],"collection":[{"href":"https:\/\/playroom.azud.com\/pt-pt\/wp-json\/wp\/v2\/pages"}],"about":[{"href":"https:\/\/playroom.azud.com\/pt-pt\/wp-json\/wp\/v2\/types\/page"}],"author":[{"embeddable":true,"href":"https:\/\/playroom.azud.com\/pt-pt\/wp-json\/wp\/v2\/users\/1"}],"replies":[{"embeddable":true,"href":"https:\/\/playroom.azud.com\/pt-pt\/wp-json\/wp\/v2\/comments?post=62508"}],"version-history":[{"count":11,"href":"https:\/\/playroom.azud.com\/pt-pt\/wp-json\/wp\/v2\/pages\/62508\/revisions"}],"predecessor-version":[{"id":62772,"href":"https:\/\/playroom.azud.com\/pt-pt\/wp-json\/wp\/v2\/pages\/62508\/revisions\/62772"}],"wp:attachment":[{"href":"https:\/\/playroom.azud.com\/pt-pt\/wp-json\/wp\/v2\/media?parent=62508"}],"curies":[{"name":"wp","href":"https:\/\/api.w.org\/{rel}","templated":true}]}}